{"id":2353,"date":"2024-04-10T10:26:57","date_gmt":"2024-04-10T08:26:57","guid":{"rendered":"https:\/\/www.der-yacht-anwalt.de\/?page_id=2353"},"modified":"2024-06-12T10:43:26","modified_gmt":"2024-06-12T08:43:26","slug":"yacht-law-law-firm-of-the-year-in-germany","status":"publish","type":"page","link":"https:\/\/www.der-yacht-anwalt.de\/en\/yacht-law-law-firm-of-the-year-in-germany\/","title":{"rendered":"Awards"},"content":{"rendered":"<!--blockstudio\/blockstudio\/banner-->\n<div id=\"px-banner-blockstudio-166a7e90e59f\" class=\"px-banner large-height imageposition-right showaward-yes textposition-middle\">\n\t\t<div class=\"image\">\n\t\t<img decoding=\"async\" width=\"1000\" height=\"714\" src=\"https:\/\/www.der-yacht-anwalt.de\/wp-content\/uploads\/2024\/04\/banner_awards_prof-dr-schliessmann.jpg\" class=\"attachment-Full Size size-Full Size\" alt=\"\" srcset=\"https:\/\/www.der-yacht-anwalt.de\/wp-content\/uploads\/2024\/04\/banner_awards_prof-dr-schliessmann.jpg 1000w, https:\/\/www.der-yacht-anwalt.de\/wp-content\/uploads\/2024\/04\/banner_awards_prof-dr-schliessmann-300x214.jpg 300w, https:\/\/www.der-yacht-anwalt.de\/wp-content\/uploads\/2024\/04\/banner_awards_prof-dr-schliessmann-768x548.jpg 768w\" sizes=\"(max-width: 1000px) 100vw, 1000px\" \/>                <figcaption class=\"imagetitle\">\n            Prof. Dr. Christoph Ph. Schlie\u00dfmann        <\/figcaption>\n        \t <\/div> <!-- End Media wrapper -->\n\t\t\t<div class=\"text\">\n\t\t<div class=\"text-inner\">\n                        \t\t\t    <h1 class=\"headline\">For an internationally successful yachting<\/h1>\n                        \t\t\t    <p><\/p>                        \t\t<\/div>\n\t<\/div>\n\t\n            <div class=\"awards\">\n            <div class=\"awards-inner\">\n                                    <div class=\"awards-item\">\n                                                    <div class=\"awards-item-image\">\n                                <img decoding=\"async\" width=\"128\" height=\"189\" src=\"https:\/\/www.der-yacht-anwalt.de\/wp-content\/uploads\/2024\/04\/corporate-intl.png\" class=\"attachment-430x200 size-430x200\" alt=\"\" \/>                            <\/div>\n                        \n                                                    <div class=\"awards-item-date\">\n                                                                    2015 &#8211; 2024                                                            <\/div>\n                        \n                    <\/div>\n                                    <div class=\"awards-item\">\n                                                    <div class=\"awards-item-image\">\n                                <img decoding=\"async\" width=\"128\" height=\"189\" src=\"https:\/\/www.der-yacht-anwalt.de\/wp-content\/uploads\/2024\/04\/global-law-experts.png\" class=\"attachment-430x200 size-430x200\" alt=\"\" \/>                            <\/div>\n                        \n                                                    <div class=\"awards-item-date\">\n                                                                    2015 &#8211; 2023                                                            <\/div>\n                        \n                    <\/div>\n                                    <div class=\"awards-item\">\n                                                    <div class=\"awards-item-image\">\n                                <img decoding=\"async\" width=\"128\" height=\"189\" src=\"https:\/\/www.der-yacht-anwalt.de\/wp-content\/uploads\/2024\/04\/acq-magazines.png\" class=\"attachment-430x200 size-430x200\" alt=\"\" \/>                            <\/div>\n                        \n                                                    <div class=\"awards-item-date\">\n                                                                    2018 &#8211; 2022                                                            <\/div>\n                        \n                    <\/div>\n                            <\/div>\n        <\/div>\n    \n<\/div>\n\n\n\n<h2 class=\"wp-block-heading\">Corporate INTL Awards<\/h2>\n\n\n\n<h4 class=\"wp-block-heading\">2015, 2016, 2017, 2018, 2019, 2020, 2021,&nbsp;2022, 2023<\/h4>\n\n\n<!--blockstudio\/blockstudio\/frame-layout--><div id=\"fl-blockstudio-1b0d35ce7f77\" class=\"fl px-frame-layout\" data-frame=\"cibgbox\" data-layout=\"layout-full-reduced\" data-margin-before=\"large\" data-margin-after=\"large\" >\n    <div class=\"inner\">\n        <div >\n\n<h4 class=\"wp-block-heading has-text-align-center\"><a href=\"http:\/\/www.corp-intl.com\/awards\/previousawards.aspx\" target=\"_blank\" rel=\"noreferrer noopener nofollow\">\u2018Yacht Law &#8211; Law Firm of the Year in Germany\u2019<\/a><br>and in 2017 &#8220;International Contract Law &#8211; Law Firm of the Year Germany&#8221;<\/h4>\n\n<\/div>\n    <\/div>\n<\/div>\n\n\n<h2 class=\"wp-block-heading\">Corporate INTL<\/h2>\n\n\n\n<div class=\"wp-block-columns is-layout-flex wp-container-core-columns-is-layout-9d6595d7 wp-block-columns-is-layout-flex\">\n<div class=\"wp-block-column is-layout-flow wp-block-column-is-layout-flow\">\n<p><a href=\"http:\/\/www.corp-intl.com\/\" target=\"_blank\" rel=\"noreferrer noopener nofollow\">www.corp-intl.com<\/a><\/p>\n\n\n\n<p><strong>Since &nbsp;2005 Corporate INTL has been leading the way connecting business leaders, financiers and advisers around the world.<\/strong><\/p>\n\n\n\n<p><strong>With a circulation of over 70,000 individuals globally and a database of over 1 million business leaders, financiers and advisers Corporate INTL is truly the number one business magazine and adviser portal worldwide.<\/strong><\/p>\n\n\n\n<p>&#8220;The awards commemorate those who have been successful over the past 12 months and who have shown excellence not only in expertise but in service.<\/p>\n<\/div>\n\n\n\n<div class=\"wp-block-column is-layout-flow wp-block-column-is-layout-flow\">\n<p>For all our awards we have undertaken detailed research via our independent research and editorial teams. We then create a shortlist of up to 5 potential winners in each category.<\/p>\n\n\n\n<p>The shortlisted parties have been carefully scrutinized. We focus on service type, service range, business type, geographical location, how the business operates and the expertise each team can offer to companies that either trade or may want to trade in their chosen jurisdiction.<\/p>\n\n\n\n<p>The shortlisted firms are then reviewed by an independent awards panel in each country with the eventual winners chosen by that independent Panel.&#8221;<\/p>\n<\/div>\n<\/div>\n\n\n<!--blockstudio\/blockstudio\/frame-layout--><div id=\"fl-blockstudio-b92ce7e70247\" class=\"fl px-frame-layout\" data-frame=\"lightbgbox\" data-layout=\"layout-full-reduced\" data-margin-before=\"large\" data-margin-after=\"large\" >\n    <div class=\"inner\">\n        <div >\n\n<h2 class=\"wp-block-heading has-text-align-center\">Global Law Experts Awards<\/h2>\n\n\n\n<p class=\"has-text-align-center\">In 2015, 2016, 2017, 2018&nbsp;2019, 2020 und 2021 hat uns GLOBAL LAW EXPERTS den AWARD als<\/p>\n\n\n\n<h4 class=\"wp-block-heading has-text-align-center\"><a href=\"http:\/\/www.corp-intl.com\/awards\/previousawards.aspx\" target=\"_blank\" rel=\"noreferrer noopener nofollow\">\u2018Yacht Law &#8211; Law Firm of the Year in Germany\u2019<\/a><\/h4>\n\n\n\n<p class=\"has-text-align-center\">verliehen.<\/p>\n\n<\/div>\n    <\/div>\n<\/div>\n\n\n<div class=\"wp-block-columns is-layout-flex wp-container-core-columns-is-layout-9d6595d7 wp-block-columns-is-layout-flex\">\n<div class=\"wp-block-column is-layout-flow wp-block-column-is-layout-flow\">\n<p>Das interna\u00adtionale Kanzlei- und An\u00adwaltshandbuch Global Law Experts hat CPS Schlie\u00dfmann Wirtschaftsanw\u00e4lte \u201eDer-Yacht-Anwalt\u201c &nbsp;als &nbsp;\u201eYacht Law &#8211; Law Firm of the Year in Germany&#8221; ausgezeichnet.<\/p>\n\n\n\n<p>Die Interna\u00adtional Global Law Experts Awards basieren auf den Recherchen des Redaktions\u00adteams sowie den Empfehlun\u00adgen anderer Anw\u00e4lte. F\u00fcr die Awards 2017 haben \u00fcber 150.000 Business Directors, In-House Legal Counsel, unabh\u00e4ngige Law Firms und Anw\u00e4lte sowie Anwaltskammern \u00fcber die Global-Law-Experts-Webseite ihre Empfehlun\u00adgen abgegeben.<\/p>\n\n\n\n<p>\u201eWir freuen uns \u00fcber den Award, zeigt er neben anderen Awards in j\u00fcngster Zeit, dass &nbsp;unsere gute Arbeit bei rechtlichen, steuerlichen und wirtschaftlichen Fragen rund um Superyachten auch interna\u00adtional gew\u00fcrdigt wird\u201c, kom\u00admentiert Prof. Dr. Christoph Ph. Schlie\u00dfmann, Gr\u00fcnder und Inhaber von CPS Schlie\u00dfmann Wirtschaftsanw\u00e4lte und einer der f\u00fchrenden Yacht-Law-Spezialisten.<\/p>\n<\/div>\n\n\n\n<div class=\"wp-block-column is-layout-flow wp-block-column-is-layout-flow\">\n<p>Global Law Experts z\u00e4hlt zu den namhaften Kanzleien- und Anwaltshandb\u00fcchern und vergibt j\u00e4hrlich Preise in den unterschiedlichen Rechtsgebieten (&#8220;Global Law Experts (GLE) is the world\u2019s leading online guide to leading attorneys throughout the world. GLE recommends only one legal expert in each key practice area and country\u201d). Nach einer umfassenden Pr\u00fcfung werden die Anw\u00e4lte und Kanzleien in die Liste der Global Law Experts aufgenommen. F\u00fcr die Preisvergabe sind neben der Bewertung durch das Redaktionsteam auch die Empfehlungen anderer Anw\u00e4lte entscheidend.<\/p>\n\n\n\n<p>Weitere Informa\u00adtionen finden Sie unter:&nbsp;<a href=\"http:\/\/www.globallawexperts.com\/\" target=\"_blank\" rel=\"noreferrer noopener nofollow\">www.globallawexperts.com<\/a><\/p>\n<\/div>\n<\/div>\n\n\n<!--blockstudio\/blockstudio\/frame-layout--><div id=\"fl-blockstudio-b160dd9619d6\" class=\"fl px-frame-layout\" data-frame=\"cibgbox\" data-layout=\"layout-full-reduced\" data-margin-before=\"large\" data-margin-after=\"large\" >\n    <div class=\"inner\">\n        <div >\n\n<h2 class=\"wp-block-heading has-text-align-center\">ACQ (Acquisition Finance) magazine\u2019s Awards<\/h2>\n\n\n\n<p class=\"has-text-align-center\">We were awarded by ACQ (Acquisition Finance) magazine\u2019s Legal Awards 2018,&nbsp;2019, 2020,&nbsp;2021 und 2022<\/p>\n\n\n\n<p class=\"has-text-align-center\"><strong>GERMANY &#8211; MARITIME LAWYER OF THE YEAR: PROF DR CHRISTOPH PH &nbsp;SCHLIE\u00dfMANN<br>GERMANY &#8211; INTERNATIONAL CONTRACTS LAW FIRM OF THE YEAR, CPS SCHLIE\u00dfMANN<br>INTERNATIONAL &#8211; YACHT LAW FIRM OF THE YEAR, &nbsp;TheYachtAttorney<\/strong><\/p>\n\n<\/div>\n    <\/div>\n<\/div>\n\n\n<h2 class=\"wp-block-heading\">ACQ:<\/h2>\n\n\n\n<p><em>&#8220;ACQ Annual Award Programs recognise organisations and individuals that have achieved outstanding commercial success in designated areas of Expertise.<\/em><\/p>\n\n\n\n<p><em>Since 2006, the ACQ has been celebrating achievement, innovation and brilliance in their annual award programs. ACQ can boast a legitimately independent nomination process and most importantly, all award winners are chosen by the industry itself.<\/em><\/p>\n\n\n\n<p><em>With the help of our highly experienced editorial staff and contributors spread all around the world; we are able to gather vital and current information, as well as receive important feedback from opinion leaders of worldwide events whom we partner with.<\/em><\/p>\n\n\n\n<p><em>We rely on reader insight and experience to provide &nbsp;nominations and we relish hearing about new experts and burgeoning markets.<\/em><\/p>\n\n\n\n<p><em>Every year, we conduct online surveys through our 168,000+ readers and make the selection of the final award winners. The main part of the evaluation, herefore, is obtained from the online surveys and our reader votes. We believe that by consulting our readers we can better identify the groups and individuals that are confronting the issues which face us at this complex juncture, and our awards will rise above the status of participation certificate and actually be an endorsement of their work.<\/em><\/p>\n\n\n\n<p><em>We recognise smaller market participants as well as larger firms adapting international models to unique geographies. Whether it&#8217;s businesses large or small, individuals in niche sectors or a category you think we might be overlooking, we&#8217;d love to hear from you.<\/em><\/p>\n\n\n\n<p><em>Entry into all awards programs is free of charge. This includes Submission, Nomination and Selection of winners.<\/em><\/p>\n\n\n\n<p>Read more about the ACQ (Acquisition Finance) magazine\u2019s Global Awards under:&nbsp;<a href=\"https:\/\/www.acq5.com\/\" target=\"_blank\" rel=\"noreferrer noopener nofollow\">www.acq5.com<\/a><\/p>\n","protected":false},"excerpt":{"rendered":"<p>Corporate INTL Awards 2015, 2016, 2017, 2018, 2019, 2020, 2021,&nbsp;2022, 2023 Corporate INTL www.corp-intl.com Since &nbsp;2005 Corporate INTL has been leading the way connecting business leaders, financiers and advisers around the world. With a circulation of over 70,000 individuals globally and a database of over 1 million business leaders, financiers and advisers Corporate INTL is [&hellip;]<\/p>\n","protected":false},"author":4,"featured_media":0,"parent":0,"menu_order":22,"comment_status":"closed","ping_status":"closed","template":"","meta":{"_acf_changed":false,"footnotes":""},"class_list":["post-2353","page","type-page","status-publish","hentry"],"acf":[],"_links":{"self":[{"href":"https:\/\/www.der-yacht-anwalt.de\/en\/wp-json\/wp\/v2\/pages\/2353","targetHints":{"allow":["GET"]}}],"collection":[{"href":"https:\/\/www.der-yacht-anwalt.de\/en\/wp-json\/wp\/v2\/pages"}],"about":[{"href":"https:\/\/www.der-yacht-anwalt.de\/en\/wp-json\/wp\/v2\/types\/page"}],"author":[{"embeddable":true,"href":"https:\/\/www.der-yacht-anwalt.de\/en\/wp-json\/wp\/v2\/users\/4"}],"replies":[{"embeddable":true,"href":"https:\/\/www.der-yacht-anwalt.de\/en\/wp-json\/wp\/v2\/comments?post=2353"}],"version-history":[{"count":0,"href":"https:\/\/www.der-yacht-anwalt.de\/en\/wp-json\/wp\/v2\/pages\/2353\/revisions"}],"wp:attachment":[{"href":"https:\/\/www.der-yacht-anwalt.de\/en\/wp-json\/wp\/v2\/media?parent=2353"}],"curies":[{"name":"wp","href":"https:\/\/api.w.org\/{rel}","templated":true}]}}