{"id":2233,"date":"2018-11-08T10:57:45","date_gmt":"2018-11-08T09:57:45","guid":{"rendered":"https:\/\/www.der-yacht-anwalt.de\/?page_id=2233"},"modified":"2024-05-24T10:26:25","modified_gmt":"2024-05-24T08:26:25","slug":"imprint","status":"publish","type":"page","link":"https:\/\/www.der-yacht-anwalt.de\/en\/contact\/imprint\/","title":{"rendered":"Imprint"},"content":{"rendered":"<!--blockstudio\/blockstudio\/banner-->\n<div id=\"px-banner-blockstudio-323c7a27cb6d\" class=\"px-banner  imageposition-left showaward-no textposition-middle\">\n\t\t<div class=\"image\">\n\t\t<img decoding=\"async\" width=\"1600\" height=\"600\" src=\"https:\/\/www.der-yacht-anwalt.de\/wp-content\/uploads\/2024\/04\/banner_kontakt-1.jpg\" class=\"attachment-Full Size size-Full Size\" alt=\"\" srcset=\"https:\/\/www.der-yacht-anwalt.de\/wp-content\/uploads\/2024\/04\/banner_kontakt-1.jpg 1600w, https:\/\/www.der-yacht-anwalt.de\/wp-content\/uploads\/2024\/04\/banner_kontakt-1-300x113.jpg 300w, https:\/\/www.der-yacht-anwalt.de\/wp-content\/uploads\/2024\/04\/banner_kontakt-1-1024x384.jpg 1024w, https:\/\/www.der-yacht-anwalt.de\/wp-content\/uploads\/2024\/04\/banner_kontakt-1-768x288.jpg 768w, https:\/\/www.der-yacht-anwalt.de\/wp-content\/uploads\/2024\/04\/banner_kontakt-1-1536x576.jpg 1536w\" sizes=\"(max-width: 1600px) 100vw, 1600px\" \/>        \t <\/div> <!-- End Media wrapper -->\n\t\t\n    \n<\/div>\n\n\n\n<h1 class=\"wp-block-heading\">Imprint<\/h1>\n\n\n\n<p><strong>CPS Schlie\u00dfmann | Wirtschaftsanw\u00e4lte<\/strong><\/p>\n\n\n\n<div class=\"wp-block-columns is-layout-flex wp-container-core-columns-is-layout-9d6595d7 wp-block-columns-is-layout-flex\">\n<div class=\"wp-block-column is-layout-flow wp-block-column-is-layout-flow\">\n<p>Prof. Dr. Christoph Ph. Schlie\u00dfmann<br>Hansaallee 22,<br>D-60322 Frankfurt \/ Main<\/p>\n<\/div>\n\n\n\n<div class=\"wp-block-column is-layout-flow wp-block-column-is-layout-flow\">\n<figure class=\"wp-block-table\"><table><tbody><tr><td>Phone:<\/td><td><a href=\"tel:+49696637790\" target=\"_blank\" rel=\"noreferrer noopener\">+49 &#8211; 69 \/ 663 779 0<\/a><\/td><\/tr><tr><td>Fax:<\/td><td>+49 &#8211; 69 \/ 663 779 99<\/td><\/tr><\/tbody><\/table><\/figure>\n<\/div>\n\n\n\n<div class=\"wp-block-column is-layout-flow wp-block-column-is-layout-flow\">\n<figure class=\"wp-block-table\"><table><tbody><tr><td>E-Mail:<\/td><td><a href=\"mailto:mail@cps-schliessmann.de\">mail@cps-schliessmann.de<\/a><\/td><\/tr><tr><td>Website:<\/td><td><a href=\"https:\/\/www.der-yacht-anwalt.de\/\">www.cps-schliessmann.de<\/a><br><a href=\"http:\/\/www.der-yacht-anwalt.de\">www.der-yacht-anwalt.de<\/a><\/td><\/tr><\/tbody><\/table><\/figure>\n<\/div>\n<\/div>\n\n\n\n<p>Inhaber.: RA Professor. Dr. Christoph Ph. Schlie\u00dfmann<br><a href=\"https:\/\/www.rak-ffm.de\/startseite\/\" target=\"_blank\" rel=\"noreferrer noopener nofollow\">RAK Frankfurt am Main<\/a><br>(auch Verantwortlicher f\u00fcr evtl. redaktionelle Beitr\u00e4ge im Sinne von \u00a7 10 III MDStV)<\/p>\n\n\n\n<p>USt-IdNr.: DE132038483<\/p>\n\n\n\n<p><strong><a href=\"https:\/\/www.der-yacht-anwalt.de\/wp-content\/uploads\/2024\/04\/marke_der-yacht-anwalt.pdf\" target=\"_blank\" rel=\"noreferrer noopener\">&#8220;Der-Yacht-Anwalt \/ TheYachtAttorney&#8221; ist eingetragene Marke Nr. 30 2020 201 468<\/a><\/strong><\/p>\n\n\n\n<h4 class=\"wp-block-heading\">Gesetzlicher Hinweis gem. \u00a7 6 TDG:<\/h4>\n\n\n\n<p>F\u00fcr die Anw\u00e4lte in der Bundesrepublik Deutschland gilt die Bundesrechtsanwaltsordnung, die Berufsordnung, die Fachanwaltsordnung, die BRAGO &#8211; f\u00fcr den Bereich des internationalen Rechtsverkehrs die &#8220;Standesregelung der Rechtsanw\u00e4lte in der Europ\u00e4ischen Gemeinschaft&#8221;, f\u00fcr ausl\u00e4ndische Kollegen und Kolleginnen das Gesetz \u00fcber die T\u00e4tigkeit europ\u00e4ischer Rechtsanw\u00e4lte in Deutschland&#8221;.<\/p>\n\n\n\n<p>Die entsprechenden berufsrechtlichen Vorschriften finden Sie unter der Rubrik &#8220;Angaben gem\u00e4\u00df &#8220;<strong>\u00a7 5 TMG (Telemediengesetz) (fr\u00fcher \u00a7 6 TDG und \u00a7 10 MDStV)<\/strong>&#8221; auf der Homepage der BRAK unter&nbsp;<a href=\"https:\/\/www.brak.de\/\" target=\"_blank\" rel=\"noreferrer noopener nofollow\">www.brak.de<\/a>.<\/p>\n\n\n\n<h4 class=\"wp-block-heading\">Berufs-Haftpflichtversicherung<\/h4>\n\n\n\n<p>besteht bei&nbsp;<strong>AXA Versicherung AG<\/strong>, Colonia-Allee 10-20, 51067 K\u00f6ln<\/p>\n\n\n\n<hr class=\"wp-block-separator has-css-opacity\"\/>\n\n\n\n<h4 class=\"wp-block-heading\">Streitschlichtung<\/h4>\n\n\n\n<p>Die Europ\u00e4ische Kommission stellt eine Plattform zur Online-Streitbeilegung (OS) bereit: <a href=\"https:\/\/ec.europa.eu\/consumers\/odr\" target=\"_blank\" rel=\"noreferrer noopener nofollow\">https:\/\/ec.europa.eu\/consumers\/odr<\/a>.<br>Unsere E-Mail-Adresse finden Sie oben im Impressum.<\/p>\n\n\n\n<p>Wir sind nicht bereit oder verpflichtet, an Streitbeilegungsverfahren vor einer Verbraucherschlichtungsstelle teilzunehmen.<\/p>\n\n\n\n<hr class=\"wp-block-separator has-css-opacity\"\/>\n\n\n\n<h4 class=\"wp-block-heading\">Realization<\/h4>\n\n\n\n<p><strong>Technical implementation<\/strong><\/p>\n\n\n\n<p><a href=\"https:\/\/www.homepage-helden.de\/\" target=\"_blank\" rel=\"noreferrer noopener nofollow\">www.homepage-helden.de<\/a><\/p>\n\n\n\n<hr class=\"wp-block-separator has-css-opacity\"\/>\n\n\n\n<h4 class=\"wp-block-heading\">Photos from Christoph Schlie\u00dfmann<\/h4>\n\n\n\n<p>Fotostudio Das Portrait, Frankfurt am Main, created Dezember\u00a02018<\/p>\n\n\n\n<hr class=\"wp-block-separator has-css-opacity\"\/>\n\n\n\n<h4 class=\"wp-block-heading\">Purchased images<\/h4>\n\n\n\n<p><strong><a href=\"https:\/\/stock.adobe.com\/de\/\" target=\"_blank\" rel=\"noreferrer noopener nofollow\">Adobe Stock<\/a><\/strong><\/p>\n\n\n\n<div class=\"wp-block-columns is-layout-flex wp-container-core-columns-is-layout-9d6595d7 wp-block-columns-is-layout-flex\">\n<div class=\"wp-block-column is-layout-flow wp-block-column-is-layout-flow\">\n<ul class=\"wp-block-list\">\n<li>#6680361 \u00a9 Elenathewise<\/li>\n\n\n\n<li>#20482222 \u00a9 chawa06<\/li>\n\n\n\n<li>#20482682 \u00a9 chawa06<\/li>\n\n\n\n<li>#33229177 \u00a9 MrSegui<\/li>\n\n\n\n<li>#38638918 \u00a9 TheFarAwayKingdom<\/li>\n\n\n\n<li>#55176070 \u00a9 veneratio<\/li>\n\n\n\n<li>#59115599 \u00a9 Tono Balaguer<\/li>\n\n\n\n<li>#192393091 \u00a9 Sasa Kadrijevic<\/li>\n\n\n\n<li>#192532537 \u00a9 Sasa Kadrijevic<\/li>\n\n\n\n<li>#199948793 \u00a9 ipopba<\/li>\n\n\n\n<li>#201836364 \u00a9 Mehmet<\/li>\n\n\n\n<li>#234984025 \u00a9&nbsp;Olga Lipatova<\/li>\n\n\n\n<li>#242037196 \u00a9 rospoint<\/li>\n<\/ul>\n<\/div>\n\n\n\n<div class=\"wp-block-column is-layout-flow wp-block-column-is-layout-flow\">\n<ul class=\"wp-block-list\">\n<li>#66969097 \u00a9 Ralf Gosch<\/li>\n\n\n\n<li>#68967408 \u00a9&nbsp;Giovanni Cardillo<\/li>\n\n\n\n<li>#81990706 \u00a9 daviles<\/li>\n\n\n\n<li>#83597220 \u00a9 Dasha Petrenko<\/li>\n\n\n\n<li>#85633687 \u00a9 William Richardson<\/li>\n\n\n\n<li>#106361909 \u00a9 eivaisla<\/li>\n\n\n\n<li>#137556484 \u00a9 Andrea<\/li>\n\n\n\n<li>#176379376 \u00a9 Iuliia Sokolovska<\/li>\n\n\n\n<li>#176379532 \u00a9 Iuliia Sokolovska<\/li>\n\n\n\n<li>#203290162 \u00a9 Aleksandr Matveev<\/li>\n\n\n\n<li>#206472509 \u00a9 yatcenko<\/li>\n\n\n\n<li>#245823700 \u00a9 whitehoune<\/li>\n\n\n\n<li>#58269396 \u00a9 djama<\/li>\n<\/ul>\n<\/div>\n\n\n\n<div class=\"wp-block-column is-layout-flow wp-block-column-is-layout-flow\">\n<ul class=\"wp-block-list\">\n<li>#109389891 \u00a9 Paul Vinten<\/li>\n\n\n\n<li>#112415937 \u00a9 Simon<\/li>\n\n\n\n<li>#123497759 \u00a9 Restuccia Giancarlo<\/li>\n\n\n\n<li>#124605615 \u00a9 Rich<\/li>\n\n\n\n<li>#129439574 \u00a9 Maurice Tricatelle<\/li>\n\n\n\n<li>#133218652 \u00a9 GVS<\/li>\n\n\n\n<li>#152489799 \u00a9 Parilov<\/li>\n\n\n\n<li>#168553132 \u00a9 cone88<\/li>\n\n\n\n<li>#192532944 \u00a9 Sasa Kadrijevic<\/li>\n\n\n\n<li>#214752182 \u00a9 Jag_cz<\/li>\n\n\n\n<li>#220225439 \u00a9 velimir<\/li>\n\n\n\n<li>#248040780 \u00a9 Parilov<\/li>\n\n\n\n<li>#203290154 \u00a9 Aleksandr Matveev<\/li>\n<\/ul>\n<\/div>\n<\/div>\n\n\n<ul><\/ul>\n\n\n\n<div style=\"height:10px\" aria-hidden=\"true\" class=\"wp-block-spacer\"><\/div>\n","protected":false},"excerpt":{"rendered":"<p>Imprint CPS Schlie\u00dfmann | Wirtschaftsanw\u00e4lte Prof. Dr. Christoph Ph. Schlie\u00dfmannHansaallee 22,D-60322 Frankfurt \/ Main Phone: +49 &#8211; 69 \/ 663 779 0 Fax: +49 &#8211; 69 \/ 663 779 99 E-Mail: mail@cps-schliessmann.de Website: www.cps-schliessmann.dewww.der-yacht-anwalt.de Inhaber.: RA Professor. Dr. Christoph Ph. Schlie\u00dfmannRAK Frankfurt am Main(auch Verantwortlicher f\u00fcr evtl. redaktionelle Beitr\u00e4ge im Sinne von \u00a7 10 III [&hellip;]<\/p>\n","protected":false},"author":4,"featured_media":0,"parent":1510,"menu_order":0,"comment_status":"closed","ping_status":"closed","template":"","meta":{"_acf_changed":false,"footnotes":""},"class_list":["post-2233","page","type-page","status-publish","hentry"],"acf":[],"_links":{"self":[{"href":"https:\/\/www.der-yacht-anwalt.de\/en\/wp-json\/wp\/v2\/pages\/2233","targetHints":{"allow":["GET"]}}],"collection":[{"href":"https:\/\/www.der-yacht-anwalt.de\/en\/wp-json\/wp\/v2\/pages"}],"about":[{"href":"https:\/\/www.der-yacht-anwalt.de\/en\/wp-json\/wp\/v2\/types\/page"}],"author":[{"embeddable":true,"href":"https:\/\/www.der-yacht-anwalt.de\/en\/wp-json\/wp\/v2\/users\/4"}],"replies":[{"embeddable":true,"href":"https:\/\/www.der-yacht-anwalt.de\/en\/wp-json\/wp\/v2\/comments?post=2233"}],"version-history":[{"count":0,"href":"https:\/\/www.der-yacht-anwalt.de\/en\/wp-json\/wp\/v2\/pages\/2233\/revisions"}],"up":[{"embeddable":true,"href":"https:\/\/www.der-yacht-anwalt.de\/en\/wp-json\/wp\/v2\/pages\/1510"}],"wp:attachment":[{"href":"https:\/\/www.der-yacht-anwalt.de\/en\/wp-json\/wp\/v2\/media?parent=2233"}],"curies":[{"name":"wp","href":"https:\/\/api.w.org\/{rel}","templated":true}]}}