{"id":1512,"date":"2024-04-30T14:20:13","date_gmt":"2024-04-30T12:20:13","guid":{"rendered":"https:\/\/www.der-yacht-anwalt.de\/?page_id=1512"},"modified":"2025-06-13T17:05:59","modified_gmt":"2025-06-13T15:05:59","slug":"the-yacht-attorney","status":"publish","type":"page","link":"https:\/\/www.der-yacht-anwalt.de\/en\/the-yacht-attorney\/","title":{"rendered":"The Yacht Attorney\u00ae"},"content":{"rendered":"<!--blockstudio\/blockstudio\/banner-->\n<div id=\"px-banner-blockstudio-b7dbab8cde7d\" class=\"px-banner  imageposition-left showaward-no textposition-middle\">\n\t\t<div class=\"image\">\n\t\t<img decoding=\"async\" width=\"1086\" height=\"775\" src=\"https:\/\/www.der-yacht-anwalt.de\/wp-content\/uploads\/2024\/04\/philosophie-prof-dr-schliessmann.jpg\" class=\"attachment-Full Size size-Full Size\" alt=\"\" srcset=\"https:\/\/www.der-yacht-anwalt.de\/wp-content\/uploads\/2024\/04\/philosophie-prof-dr-schliessmann.jpg 1086w, https:\/\/www.der-yacht-anwalt.de\/wp-content\/uploads\/2024\/04\/philosophie-prof-dr-schliessmann-300x214.jpg 300w, https:\/\/www.der-yacht-anwalt.de\/wp-content\/uploads\/2024\/04\/philosophie-prof-dr-schliessmann-1024x731.jpg 1024w, https:\/\/www.der-yacht-anwalt.de\/wp-content\/uploads\/2024\/04\/philosophie-prof-dr-schliessmann-768x548.jpg 768w\" sizes=\"(max-width: 1086px) 100vw, 1086px\" \/>                <figcaption class=\"imagetitle\">\n            Prof. Dr. Christoph Ph. Schlie\u00dfmann        <\/figcaption>\n        \t <\/div> <!-- End Media wrapper -->\n\t\t\t<div class=\"text\">\n\t\t<div class=\"text-inner\">\n                            <p class=\"roofline\">We live Yachts..<\/p>\n                        \t\t\t    <h1 class=\"headline\">Consulting means understanding and help effectively.<\/h1>\n                                    \t\t<\/div>\n\t<\/div>\n\t\n    \n<\/div>\n\n\n\n<h2 class=\"wp-block-heading\">\u2693 The Yacht Attorney\u00ae<br><\/h2>\n\n\n\n<h4 class=\"wp-block-heading\">Prof Dr Christoph Ph. Schlie\u00dfmann<br><\/h4>\n\n\n\n<p>Specialist lawyer for international commercial law<\/p>\n\n\n\n<hr class=\"wp-block-separator has-alpha-channel-opacity\"\/>\n\n\n\n<h3 class=\"wp-block-heading\">Clarity. Attitude. Responsibility.<br><\/h3>\n\n\n\n<p>I am not a trader. Not an intermediary. Not a broker.<br><strong>I am a lawyer.<\/strong><\/p>\n\n\n\n<p>And with conviction.<br>I have been advising entrepreneurs, investors, family offices and discerning owners for over 30 years &#8211; with respect, independence and a clear legal view of complex issues relating to yacht ownership, operation and structuring.<\/p>\n\n\n\n<p>My mission: Not to sell. But to understand.<br>I don&#8217;t sell yachts. I don&#8217;t sell a template.<br>I create structure. I design solution models. I translate complexity. I accompany decisions.<\/p>\n\n\n\n<hr class=\"wp-block-separator has-alpha-channel-opacity\"\/>\n\n\n\n<h3 class=\"wp-block-heading\">What sets me apart is not just my legal experience, but my attitude:<\/h3>\n\n\n\n<p>I only represent you. No third parties. No entanglement of interests.<br>I say what is. Even if it&#8217;s uncomfortable.<br>I stay by your side. From the idea to its realisation.<br>My values &#8211; the basis of what I do<br>Confidentiality.<br>Your issues belong to you &#8211; and will remain so.<\/p>\n\n\n\n<p><strong>Independence.<\/strong><br>I am your sparring partner, not your salesperson.<\/p>\n\n\n\n<p><strong>Discipline.<\/strong><br>I work in a structured, solution-orientated way and with an eye for the essentials.<\/p>\n\n\n\n<p><strong>Clarity.<\/strong><br>I don&#8217;t beat around the bush &#8211; I formulate what is viable.<\/p>\n\n\n\n<p><strong>Respect.<\/strong><br>For your life&#8217;s work. Your priorities. Your responsibility.<\/p>\n\n\n\n<hr class=\"wp-block-separator has-alpha-channel-opacity\"\/>\n\n\n\n<h3 class=\"wp-block-heading\">Who I accompany<br><\/h3>\n\n\n\n<ul class=\"wp-block-list\">\n<li>People who create &#8211; not follow.<br>People who seek quality &#8211; not the next promise.<br>People who value integrity &#8211; not opportunism.<\/li>\n\n\n\n<li>People who seek substance over appearance<\/li>\n<\/ul>\n\n\n\n<p><strong>I work for:<\/strong><\/p>\n\n\n\n<ul class=\"wp-block-list\">\n<li>Entrepreneurs and investors<\/li>\n\n\n\n<li>Family offices and structured entities<\/li>\n\n\n\n<li>discerning owners with an international focus<\/li>\n<\/ul>\n\n\n\n<p>My job is not the quick deal.<br>It is to provide sustainable, legally sound support.<\/p>\n\n\n\n<p>I am not a &#8220;vicarious agent&#8221; of brokers, banks or tax tricksters &#8211; but a reliable partner for people who want to make conscious and legally compliant use of their room for manoeuvre.<\/p>\n\n\n\n<hr class=\"wp-block-separator has-alpha-channel-opacity\"\/>\n\n\n\n<h3 class=\"wp-block-heading\">My claim &#8211; plain language<br><\/h3>\n\n\n\n<p>I believe in truth, not sales rhetoric.<br>I am not a smooth talker &#8211; I formulate the facts.<br>I name risks. I stand by my decisions. I act and remain reliable.<\/p>\n\n\n\n<p>If you are looking for someone who will provide you with honest support, not only in legal matters, but also with responsibility for your overall project &#8211; I am there for you.<br><\/p>\n\n\n\n<hr class=\"wp-block-separator has-alpha-channel-opacity\"\/>\n\n\n\n<h3 class=\"wp-block-heading\">Your contact<br><\/h3>\n\n\n\n<p><strong>Prof Dr Christoph Ph. Schlie\u00dfmann<\/strong><br>Specialist lawyer for international commercial law<\/p>\n\n\n\n<p>\u2709 mail@der-yacht-anwalt.de<br>\u260e +49 &#8211; 69 \/ 663 779 0<\/p>\n\n\n\n<hr class=\"wp-block-separator has-alpha-channel-opacity\"\/>\n\n\n\n<div class=\"wp-block-columns is-layout-flex wp-container-core-columns-is-layout-9d6595d7 wp-block-columns-is-layout-flex\">\n<div class=\"wp-block-column is-layout-flow wp-block-column-is-layout-flow\" style=\"flex-basis:33.33%\">\n<figure class=\"wp-block-image size-full\"><img decoding=\"async\" width=\"686\" height=\"960\" src=\"https:\/\/www.der-yacht-anwalt.de\/wp-content\/uploads\/2024\/04\/schliessmann.jpg\" alt=\"\" class=\"wp-image-707\" srcset=\"https:\/\/www.der-yacht-anwalt.de\/wp-content\/uploads\/2024\/04\/schliessmann.jpg 686w, https:\/\/www.der-yacht-anwalt.de\/wp-content\/uploads\/2024\/04\/schliessmann-214x300.jpg 214w\" sizes=\"(max-width: 686px) 100vw, 686px\" \/><\/figure>\n<\/div>\n\n\n\n<div class=\"wp-block-column is-layout-flow wp-block-column-is-layout-flow\" style=\"flex-basis:66.66%\">\n<h2 class=\"wp-block-heading\">Professor Dr. Christoph Ph. Schlie\u00dfmann is<\/h2>\n\n\n\n<ul class=\"wp-block-list\">\n<li>Specialist lawyer for international commercial law<\/li>\n\n\n\n<li>Specialist lawyer for labour law<\/li>\n\n\n\n<li>Founder of CPS Schlie\u00dfmann Wirtschaftsanw\u00e4lte Frankfurt \/ M. 1994<\/li>\n\n\n\n<li>Hon. Professor for Corporate Management at the University of Salzburg<\/li>\n\n\n\n<li>From 1991-2007 lecturer for strategic corporate management and entrepreneurship at St. Gallen Business Schools.<\/li>\n\n\n\n<li>Advanced training certificate from the German Federal Bar Association and seal of approval from the Frankfurt Bar Association<\/li>\n\n\n\n<li>Harvard Law School Certificate &#8220;Contract Law&#8221;<\/li>\n\n\n\n<li>Harvard Business School Certificates &#8220;Disruptive Strategy&#8221; &amp; &#8220;Sustainable Business Strategy&#8221; &amp; &#8220;Global Business&#8221;, overall rating &#8220;Certificate of Specialisation in Strategy&#8221;<\/li>\n\n\n\n<li>Stanford Business School Certificate &#8220;EPGC&#8221; &amp; &#8220;Business Leadership&#8221;<\/li>\n\n\n\n<li>Member of the V-H-B Association of University Professors of Business Administration e.V.<\/li>\n\n\n\n<li>Member of the V-H-B Association of University Professors of Business Administration e.V.<\/li>\n\n\n\n<li>in international business law presented on www.cps-schliessmann.de<\/li>\n\n\n\n<li>Who is who in German law: <a href=\"http:\/\/www.koeblergerhard.de\/juristen2\/web\/juristen\/list\/17\" rel=\"nofollow noopener\" target=\"_blank\">http:\/\/www.koeblergerhard.de\/juristen2\/web\/juristen\/list\/17<\/a><\/li>\n\n\n\n<li><a href=\"https:\/\/www.der-yacht-anwalt.de\/wp-content\/uploads\/2024\/04\/fortbildungszertifikat_rak-1.pdf\" target=\"_blank\" rel=\"noreferrer noopener\">Fortbildungszertifikat<\/a>\u00a0der Bundesrechtsanwaltskammer und\u00a0<a href=\"https:\/\/www.der-yacht-anwalt.de\/wp-content\/uploads\/2024\/04\/amtliches_pruefsiegel_rak-1.pdf\" target=\"_blank\" rel=\"noreferrer noopener\">Pr\u00fcfsiegel<\/a>\u00a0der\u00a0<a href=\"https:\/\/www.der-yacht-anwalt.de\/wp-content\/uploads\/2024\/04\/rechtsanwaltskammer-ffm-1.jpg\" target=\"_blank\" rel=\"noreferrer noopener\">RA-Kammer Frankfurt<\/a><\/li>\n\n\n\n<li>&#8230; on&nbsp;<a href=\"https:\/\/de.wikipedia.org\/wiki\/Christoph_Philipp_Schlie%C3%9Fmann\" target=\"_blank\" rel=\"noreferrer noopener nofollow\">Wikipedia<\/a><\/li>\n<\/ul>\n\n\n\n<p>Schlie\u00dfmann founded the CPS Schlie\u00dfmann Wirtschaftsanw\u00e4lte in Frankfurt \/ M. in 1994, advises companies for over 30 years internationally and is one of the first &#8220;Bar approved lawyers for International Business Law&#8221; of Germany.\u00a0<br>Beginning 1991 Schie\u00dfmann taught over 16 years strategic management and entrepreneurship at St. Galler Business Schools and is a Hon.Professor of Management &amp; Law at the University of Salzburg, a member of the VHB Association of University Professors of Business Management.<br><\/p>\n<\/div>\n<\/div>\n","protected":false},"excerpt":{"rendered":"<p>\u2693 The Yacht Attorney\u00ae Prof Dr Christoph Ph. Schlie\u00dfmann Specialist lawyer for international commercial law Clarity. Attitude. Responsibility. I am not a trader. Not an intermediary. Not a broker.I am a lawyer. And with conviction.I have been advising entrepreneurs, investors, family offices and discerning owners for over 30 years &#8211; with respect, independence and a [&hellip;]<\/p>\n","protected":false},"author":4,"featured_media":0,"parent":0,"menu_order":4,"comment_status":"closed","ping_status":"closed","template":"","meta":{"_acf_changed":false,"footnotes":""},"class_list":["post-1512","page","type-page","status-publish","hentry"],"acf":[],"_links":{"self":[{"href":"https:\/\/www.der-yacht-anwalt.de\/en\/wp-json\/wp\/v2\/pages\/1512","targetHints":{"allow":["GET"]}}],"collection":[{"href":"https:\/\/www.der-yacht-anwalt.de\/en\/wp-json\/wp\/v2\/pages"}],"about":[{"href":"https:\/\/www.der-yacht-anwalt.de\/en\/wp-json\/wp\/v2\/types\/page"}],"author":[{"embeddable":true,"href":"https:\/\/www.der-yacht-anwalt.de\/en\/wp-json\/wp\/v2\/users\/4"}],"replies":[{"embeddable":true,"href":"https:\/\/www.der-yacht-anwalt.de\/en\/wp-json\/wp\/v2\/comments?post=1512"}],"version-history":[{"count":0,"href":"https:\/\/www.der-yacht-anwalt.de\/en\/wp-json\/wp\/v2\/pages\/1512\/revisions"}],"wp:attachment":[{"href":"https:\/\/www.der-yacht-anwalt.de\/en\/wp-json\/wp\/v2\/media?parent=1512"}],"curies":[{"name":"wp","href":"https:\/\/api.w.org\/{rel}","templated":true}]}}