{"id":1510,"date":"2018-11-08T10:55:03","date_gmt":"2018-11-08T09:55:03","guid":{"rendered":"https:\/\/www.der-yacht-anwalt.de\/?page_id=1510"},"modified":"2024-05-24T10:26:25","modified_gmt":"2024-05-24T08:26:25","slug":"contact","status":"publish","type":"page","link":"https:\/\/www.der-yacht-anwalt.de\/en\/contact\/","title":{"rendered":"Contact"},"content":{"rendered":"<!--blockstudio\/blockstudio\/banner-->\n<div id=\"px-banner-blockstudio-b43c6c5744ac\" class=\"px-banner  imageposition-left showaward-no textposition-middle\">\n\t\t<div class=\"image\">\n\t\t<img decoding=\"async\" width=\"1600\" height=\"600\" src=\"https:\/\/www.der-yacht-anwalt.de\/wp-content\/uploads\/2024\/04\/banner_kontakt-1.jpg\" class=\"attachment-Full Size size-Full Size\" alt=\"\" srcset=\"https:\/\/www.der-yacht-anwalt.de\/wp-content\/uploads\/2024\/04\/banner_kontakt-1.jpg 1600w, https:\/\/www.der-yacht-anwalt.de\/wp-content\/uploads\/2024\/04\/banner_kontakt-1-300x113.jpg 300w, https:\/\/www.der-yacht-anwalt.de\/wp-content\/uploads\/2024\/04\/banner_kontakt-1-1024x384.jpg 1024w, https:\/\/www.der-yacht-anwalt.de\/wp-content\/uploads\/2024\/04\/banner_kontakt-1-768x288.jpg 768w, https:\/\/www.der-yacht-anwalt.de\/wp-content\/uploads\/2024\/04\/banner_kontakt-1-1536x576.jpg 1536w\" sizes=\"(max-width: 1600px) 100vw, 1600px\" \/>        \t <\/div> <!-- End Media wrapper -->\n\t\t\n    \n<\/div>\n\n\n\n<h1 class=\"wp-block-heading\">Your directcontact<\/h1>\n\n\n\n<p><strong>CPS Schlie\u00dfmann | Wirtschaftsanw\u00e4lte<\/strong><\/p>\n\n\n\n<div class=\"wp-block-columns is-layout-flex wp-container-core-columns-is-layout-9d6595d7 wp-block-columns-is-layout-flex\">\n<div class=\"wp-block-column is-layout-flow wp-block-column-is-layout-flow\">\n<p>Prof. Dr. Christoph Ph. Schlie\u00dfmann &amp; Team<br>Hansaallee 22,<br>D-60322 Frankfurt \/ Main<\/p>\n<\/div>\n\n\n\n<div class=\"wp-block-column is-layout-flow wp-block-column-is-layout-flow\">\n<figure class=\"wp-block-table\"><table><tbody><tr><td>Phone:<\/td><td><a href=\"tel:+49696637790\" target=\"_blank\" rel=\"noreferrer noopener\">+49 &#8211; 69 \/ 663 779 0<\/a><\/td><\/tr><tr><td>Fax:<\/td><td>+49 &#8211; 69 \/ 663 779 99<\/td><\/tr><\/tbody><\/table><\/figure>\n<\/div>\n\n\n\n<div class=\"wp-block-column is-layout-flow wp-block-column-is-layout-flow\">\n<figure class=\"wp-block-table\"><table><tbody><tr><td>E-Mail:<\/td><td><a href=\"mailto:mail@der-yacht-anwalt.de\">mail@der-yacht-anwalt.de<\/a><\/td><\/tr><tr><td>Website:<\/td><td><a href=\"https:\/\/www.der-yacht-anwalt.de\/\">www.der-yacht-anwalt.de<\/a><\/td><\/tr><\/tbody><\/table><\/figure>\n<\/div>\n<\/div>\n","protected":false},"excerpt":{"rendered":"<p>Your directcontact CPS Schlie\u00dfmann | Wirtschaftsanw\u00e4lte Prof. Dr. Christoph Ph. Schlie\u00dfmann &amp; TeamHansaallee 22,D-60322 Frankfurt \/ Main Phone: +49 &#8211; 69 \/ 663 779 0 Fax: +49 &#8211; 69 \/ 663 779 99 E-Mail: mail@der-yacht-anwalt.de Website: www.der-yacht-anwalt.de<\/p>\n","protected":false},"author":4,"featured_media":0,"parent":0,"menu_order":32,"comment_status":"closed","ping_status":"closed","template":"","meta":{"_acf_changed":false,"footnotes":""},"class_list":["post-1510","page","type-page","status-publish","hentry"],"acf":[],"_links":{"self":[{"href":"https:\/\/www.der-yacht-anwalt.de\/en\/wp-json\/wp\/v2\/pages\/1510","targetHints":{"allow":["GET"]}}],"collection":[{"href":"https:\/\/www.der-yacht-anwalt.de\/en\/wp-json\/wp\/v2\/pages"}],"about":[{"href":"https:\/\/www.der-yacht-anwalt.de\/en\/wp-json\/wp\/v2\/types\/page"}],"author":[{"embeddable":true,"href":"https:\/\/www.der-yacht-anwalt.de\/en\/wp-json\/wp\/v2\/users\/4"}],"replies":[{"embeddable":true,"href":"https:\/\/www.der-yacht-anwalt.de\/en\/wp-json\/wp\/v2\/comments?post=1510"}],"version-history":[{"count":0,"href":"https:\/\/www.der-yacht-anwalt.de\/en\/wp-json\/wp\/v2\/pages\/1510\/revisions"}],"wp:attachment":[{"href":"https:\/\/www.der-yacht-anwalt.de\/en\/wp-json\/wp\/v2\/media?parent=1510"}],"curies":[{"name":"wp","href":"https:\/\/api.w.org\/{rel}","templated":true}]}}